{"id":3551,"date":"2018-06-18T14:51:40","date_gmt":"2018-06-18T12:51:40","guid":{"rendered":"http:\/\/narmer.hu\/?page_id=3551"},"modified":"2024-02-15T22:29:45","modified_gmt":"2024-02-15T21:29:45","slug":"contact","status":"publish","type":"page","link":"https:\/\/narmer.hu\/en\/about\/contact\/","title":{"rendered":"Contact"},"content":{"rendered":"<div class=\"vc_row wpb_row vc_row-fluid\"><div class=\"row-container row-default sm-top-padding\"><div class=\"wpb_column vc_column_container vc_col-sm-4\"><div class=\"vc_column-inner\"><div class=\"wpb_wrapper\">\n\t<div class=\"wpb_text_column wpb_content_element \" >\n\t\t<div class=\"wpb_wrapper\">\n\t\t\t<h3>NARMER \u00c9P\u00cdT\u00c9SZETI ST\u00daDI\u00d3 Bt.<\/h3>\n\n\t\t<\/div>\n\t<\/div>\n\n\t<div class=\"wpb_text_column wpb_content_element \" >\n\t\t<div class=\"wpb_wrapper\">\n\t\t\t<p><strong>REGISTERED OFFICE:<\/strong> H-1041 BUDAPEST, DESSEWFFY U. 44.<br \/>\n<strong>MAILING ADDRESS:<\/strong> H-1450 BUDAPEST, PF. 103.<\/p>\n<p><strong>Address:<\/strong> H-1093 Budapest, L\u00f3nyay utca 22. I\/3.<\/p>\n<p><strong>Phone: <\/strong>+36 1 365 1444<strong><br \/>\nFax:<\/strong>\u00a0+36 1 365 1445<br \/>\n<strong>Mobile<\/strong>: +36 30 165 6272<\/p>\n<p><strong>Exhibition e-mail:<\/strong> narmer(at)narmer.hu<br \/>\n<strong>Architecture e-mail:<\/strong>\u00a0epiteszet(at)narmer.hu<\/p>\n\n\t\t<\/div>\n\t<\/div>\n<\/div><\/div><\/div><div class=\"wpb_column vc_column_container vc_col-sm-8\"><div class=\"vc_column-inner\"><div class=\"wpb_wrapper\"><div class=\"map-holder vc_custom_1550054713949\">\r\n\t<div id=\"map-192\" class=\"map\" style=\"height: 600px\"><\/div>\r\n<\/div>\r\n\r\n<script>\r\n\tvar locations = [\r\n\t\t[' ', 47.485700, 19.062150, 'https:\/\/narmer.hu\/wp-content\/uploads\/2018\/07\/map_marker-3.png', 57, 71, 1],\t];\r\n\r\n\tvar myOptions = {\r\n\t\tcenter: new google.maps.LatLng( locations[0][1], locations[0][2] ),\r\n\t\tzoom: 15,\r\n\t\tscrollwheel: true,\r\n\t\tmapTypeControl: false,\r\n\t\tzoomControl: true,\r\n\t\tfullscreenControl: false,\r\n\t\tstreetViewControl: false,\r\n\t\tdraggable: true\t}\r\n\r\n\tvar map = new google.maps.Map(document.getElementById('map-192'), myOptions );\r\n\r\n\tvar infowindow = new google.maps.InfoWindow();\r\n\tvar bounds = new google.maps.LatLngBounds();\r\n\r\n\tvar marker, i;\r\n\r\n\tfor (i = 0; i < locations.length; i++) {\r\n\r\n\t\tif (locations[i][6]) {\r\n\t\t\t$scaled = new google.maps.Size(locations[i][4] \/ 2, locations[i][5] \/ 2);\r\n\t\t} else {\r\n\t\t\t$scaled = new google.maps.Size(locations[i][4], locations[i][5]);\r\n\t\t}\r\n\r\n\t\tvar icon = {\r\n\t\t\turl: locations[i][3],\r\n\t\t\tscaledSize: $scaled\r\n\t\t};\r\n\r\n\t\tif (locations[i][3] == '0') {\r\n\t\t\ticon = '';\r\n\t\t}\r\n\r\n\t\tmarker = new google.maps.Marker({\r\n\t\t\tposition: new google.maps.LatLng(locations[i][1], locations[i][2]),\r\n\t\t\tmap: map,\r\n\t\t\ticon: icon,\r\n\t\t\tanimation: google.maps.Animation.DROP\t\t});\r\n\r\n\t\tbounds.extend(marker.position);\r\n\r\n\t\tif (locations[i][0] != \" \") {\r\n\t\t\tgoogle.maps.event.addListener(marker, 'click', (function(marker, i) {\r\n\t\t\t\treturn function() {\r\n\t\t\t\t\tinfowindow.setContent(locations[i][0]);\r\n\t\t\t\t\tinfowindow.open(map, marker);\r\n\t\t\t\t}\r\n\t\t\t})(marker, i));\r\n\t\t}\r\n\t}\r\n\r\n\tif (15 > 0) {\r\n\t\tmap.setCenter(bounds.getCenter());\r\n\t\tmap.setZoom(15);\r\n\t} else {\r\n\t\tmap.fitBounds(bounds);\r\n\t}\r\n\r\n\t\t\tvar styledMapType = new google.maps.StyledMapType(\r\n\t\t\t[\n{\n\"featureType\": \"all\",\n\"elementType\": \"all\",\n\"stylers\": [\n{\n\"saturation\": -100\n},\n{\n\"gamma\": 0.5\n}\n]\n},\n{\n\"featureType\": \"all\",\n\"elementType\": \"geometry\",\n\"stylers\": [\n{\n\"visibility\": \"on\"\n}\n]\n},\n{\n\"featureType\": \"administrative.country\",\n\"elementType\": \"geometry.fill\",\n\"stylers\": [\n{\n\"visibility\": \"on\"\n}\n]\n},\n{\n\"featureType\": \"administrative.country\",\n\"elementType\": \"labels.text\",\n\"stylers\": [\n{\n\"color\": \"#e90303\"\n}\n]\n},\n{\n\"featureType\": \"landscape.man_made\",\n\"elementType\": \"geometry.fill\",\n\"stylers\": [\n{\n\"visibility\": \"on\"\n},\n{\n\"saturation\": \"-4\"\n}\n]\n},\n{\n\"featureType\": \"landscape.man_made\",\n\"elementType\": \"geometry.stroke\",\n\"stylers\": [\n{\n\"visibility\": \"on\"\n},\n{\n\"color\": \"#000000\"\n},\n{\n\"saturation\": \"66\"\n},\n{\n\"lightness\": \"-92\"\n},\n{\n\"gamma\": \"1.76\"\n},\n{\n\"weight\": \"0.20\"\n}\n]\n},\n{\n\"featureType\": \"landscape.man_made\",\n\"elementType\": \"labels.text\",\n\"stylers\": [\n{\n\"visibility\": \"off\"\n}\n]\n},\n{\n\"featureType\": \"poi\",\n\"elementType\": \"labels\",\n\"stylers\": [\n{\n\"visibility\": \"off\"\n}\n]\n},\n{\n\"featureType\": \"transit\",\n\"elementType\": \"labels\",\n\"stylers\": [\n{\n\"visibility\": \"off\"\n}\n]\n},\n{\n\"featureType\": \"water\",\n\"elementType\": \"geometry.fill\",\n\"stylers\": [\n{\n\"visibility\": \"on\"\n},\n{\n\"saturation\": \"40\"\n},\n{\n\"color\": \"#434343\"\n}\n]\n}\n],\t\t\t{ name: 'Styled Map' }\r\n\t\t);\r\n\t\tmap.mapTypes.set('styled_map', styledMapType);\r\n\t\tmap.setMapTypeId('styled_map');\r\n\t<\/script>\r\n<\/div><\/div><\/div><\/div><\/div>\n","protected":false},"excerpt":{"rendered":"NARMER \u00c9P\u00cdT\u00c9SZETI ST\u00daDI\u00d3 Bt. REGISTERED OFFICE: H-1041 BUDAPEST, DESSEWFFY U. 44. MAILING ADDRESS: H-1450 BUDAPEST, PF. 103. Address: H-1093 Budapest, L\u00f3nyay utca 22. I\/3. Phone: +36 1 365 1444 Fax:\u00a0+36 1 365 1445 Mobile: +36 30 165 6272 Exhibition e-mail: narmer(at)narmer.hu Architecture e-mail:\u00a0epiteszet(at)narmer.hu","protected":false},"author":1,"featured_media":0,"parent":3575,"menu_order":0,"comment_status":"closed","ping_status":"closed","template":"","meta":{"footnotes":""},"class_list":["post-3551","page","type-page","status-publish","hentry"],"_links":{"self":[{"href":"https:\/\/narmer.hu\/en\/wp-json\/wp\/v2\/pages\/3551","targetHints":{"allow":["GET"]}}],"collection":[{"href":"https:\/\/narmer.hu\/en\/wp-json\/wp\/v2\/pages"}],"about":[{"href":"https:\/\/narmer.hu\/en\/wp-json\/wp\/v2\/types\/page"}],"author":[{"embeddable":true,"href":"https:\/\/narmer.hu\/en\/wp-json\/wp\/v2\/users\/1"}],"replies":[{"embeddable":true,"href":"https:\/\/narmer.hu\/en\/wp-json\/wp\/v2\/comments?post=3551"}],"version-history":[{"count":53,"href":"https:\/\/narmer.hu\/en\/wp-json\/wp\/v2\/pages\/3551\/revisions"}],"predecessor-version":[{"id":6084,"href":"https:\/\/narmer.hu\/en\/wp-json\/wp\/v2\/pages\/3551\/revisions\/6084"}],"up":[{"embeddable":true,"href":"https:\/\/narmer.hu\/en\/wp-json\/wp\/v2\/pages\/3575"}],"wp:attachment":[{"href":"https:\/\/narmer.hu\/en\/wp-json\/wp\/v2\/media?parent=3551"}],"curies":[{"name":"wp","href":"https:\/\/api.w.org\/{rel}","templated":true}]}}