{"id":3677,"date":"2018-06-18T15:00:10","date_gmt":"2018-06-18T13:00:10","guid":{"rendered":"http:\/\/narmer.hu\/?page_id=3677"},"modified":"2018-10-08T11:38:20","modified_gmt":"2018-10-08T09:38:20","slug":"partners","status":"publish","type":"page","link":"https:\/\/narmer.hu\/en\/partners\/","title":{"rendered":"Partners"},"content":{"rendered":"<div class=\"vc_row wpb_row vc_row-fluid\"><div class=\"row-container row-default sm-top-padding sm-bottom-padding\"><div class=\"wpb_column vc_column_container vc_col-sm-4\"><div class=\"vc_column-inner\"><div class=\"wpb_wrapper\">\n\t<div class=\"wpb_text_column wpb_content_element\" >\n\t\t<div class=\"wpb_wrapper\">\n\t\t\t<h3>PARTNERS<\/h3>\n<p><strong>BIM:<br \/>\n<\/strong>Agorex Kft.<br \/>\nAnimative Kft.<br \/>\nArtrea Consulting Kft.<br \/>\nEferte M\u00e9rn\u00f6ki Szolg\u00e1ltat\u00f3 \u00e9s Tan\u00e1csad\u00f3 Kft.<br \/>\nK\u00f6r\u00f6s Consult Kft.<br \/>\nVA-IQ Elektromos Tervez\u0151 Kft.<\/p>\n<p><strong>Museums:<br \/>\n<\/strong>Kemenes Volcano Park<br \/>\nHungarian National Museum<br \/>\nMagyars\u00e1g H\u00e1za<br \/>\nMuseum of Fine Arts<br \/>\n\u00d3buda Museum<\/p>\n<p><strong>Photographs:<br \/>\n<\/strong>Attila Bal\u00e1zs<br \/>\nBudapest Collection, FSZEK<strong><br \/>\n<\/strong>R\u00f3bert Hack<br \/>\nJ\u00e1nos L\u00e1szl\u00f3 (Civertan)<br \/>\nKl\u00e1ra Lovas<br \/>\nL\u00e1szl\u00f3 M\u00e1tyus<br \/>\nSzabolcs Schunk<br \/>\nLevente Sir\u00f3kai<br \/>\nS\u00e1ndor Ujv\u00e1ri<br \/>\nRudab\u00e1nya City Council<br \/>\nMelinda Vas\u00e1ros-L\u00e9vai<br \/>\nZsolt Vas\u00e1ros<br \/>\nAndr\u00e1s Vikman<\/p>\n\n\t\t<\/div>\n\t<\/div>\n<\/div><\/div><\/div><div class=\"wpb_column vc_column_container vc_col-sm-8\"><div class=\"vc_column-inner\"><div class=\"wpb_wrapper\"><\/div><\/div><\/div><\/div><\/div>","protected":false},"excerpt":{"rendered":"PARTNERS BIM: Agorex Kft. Animative Kft. Artrea Consulting Kft. Eferte M\u00e9rn\u00f6ki Szolg\u00e1ltat\u00f3 \u00e9s Tan\u00e1csad\u00f3 Kft. K\u00f6r\u00f6s Consult Kft. VA-IQ Elektromos Tervez\u0151 Kft. Museums: Kemenes Volcano Park Hungarian National Museum Magyars\u00e1g H\u00e1za Museum of Fine Arts \u00d3buda Museum Photographs: Attila Bal\u00e1zs Budapest Collection, FSZEK R\u00f3bert Hack J\u00e1nos L\u00e1szl\u00f3 (Civertan) Kl\u00e1ra Lovas L\u00e1szl\u00f3 M\u00e1tyus Szabolcs Schunk Levente...","protected":false},"author":1,"featured_media":0,"parent":0,"menu_order":0,"comment_status":"closed","ping_status":"closed","template":"","meta":{"footnotes":""},"class_list":["post-3677","page","type-page","status-publish","hentry"],"_links":{"self":[{"href":"https:\/\/narmer.hu\/en\/wp-json\/wp\/v2\/pages\/3677","targetHints":{"allow":["GET"]}}],"collection":[{"href":"https:\/\/narmer.hu\/en\/wp-json\/wp\/v2\/pages"}],"about":[{"href":"https:\/\/narmer.hu\/en\/wp-json\/wp\/v2\/types\/page"}],"author":[{"embeddable":true,"href":"https:\/\/narmer.hu\/en\/wp-json\/wp\/v2\/users\/1"}],"replies":[{"embeddable":true,"href":"https:\/\/narmer.hu\/en\/wp-json\/wp\/v2\/comments?post=3677"}],"version-history":[{"count":12,"href":"https:\/\/narmer.hu\/en\/wp-json\/wp\/v2\/pages\/3677\/revisions"}],"predecessor-version":[{"id":5120,"href":"https:\/\/narmer.hu\/en\/wp-json\/wp\/v2\/pages\/3677\/revisions\/5120"}],"wp:attachment":[{"href":"https:\/\/narmer.hu\/en\/wp-json\/wp\/v2\/media?parent=3677"}],"curies":[{"name":"wp","href":"https:\/\/api.w.org\/{rel}","templated":true}]}}