{"id":3814,"date":"2018-06-18T14:54:46","date_gmt":"2018-06-18T12:54:46","guid":{"rendered":"http:\/\/narmer.hu\/?page_id=3814"},"modified":"2018-08-02T18:20:50","modified_gmt":"2018-08-02T16:20:50","slug":"rolunk","status":"publish","type":"page","link":"https:\/\/narmer.hu\/en\/rolunk\/","title":{"rendered":"About"},"content":{"rendered":"<div class=\"vc_row wpb_row vc_row-fluid\"><div class=\"row-container row-default sm-top-padding sm-bottom-padding\"><div class=\"wpb_column vc_column_container vc_col-sm-4\"><div class=\"vc_column-inner\"><div class=\"wpb_wrapper\">\n\t<div class=\"wpb_text_column wpb_content_element\" >\n\t\t<div class=\"wpb_wrapper\">\n\t\t\t<h3>THE OFFICE<\/h3>\n\n\t\t<\/div>\n\t<\/div>\n\n\t<div class=\"wpb_text_column wpb_content_element\" >\n\t\t<div class=\"wpb_wrapper\">\n\t\t\t<p style=\"text-align: justify;\">One of the first jobs of Narmer Architecture Studio, founded in 2000, was a permanent exhibition design followed by almost 200 other exhibitions with different themes and different scales. Over the last 18 years the group of three founder-designers has become a vivid studio with 18-20 members, implementing various projects in the field of architecture, interior design, and exhibition design. Besides practical tasks, we are also taking part in virtual reconstructions of world-heritage buildings, documentations and publishings of archaeological surveys, professional animations and renderings, parametric design, or branding and typography.<\/p>\n\n\t\t<\/div>\n\t<\/div>\n<\/div><\/div><\/div><div class=\"wpb_column vc_column_container vc_col-sm-8\"><div class=\"vc_column-inner\"><div class=\"wpb_wrapper\">\n\t<div  class=\"wpb_single_image wpb_content_element vc_align_left  vc_custom_1533226464705\">\n\t\t\n\t\t<figure class=\"wpb_wrapper vc_figure\">\n\t\t\t<div class=\"vc_single_image-wrapper   vc_box_border_grey\"><img loading=\"lazy\" decoding=\"async\" width=\"1920\" height=\"1440\" src=\"https:\/\/narmer.hu\/wp-content\/uploads\/2018\/08\/misc-1.jpg\" class=\"vc_single_image-img attachment-full\" alt=\"\" srcset=\"https:\/\/narmer.hu\/wp-content\/uploads\/2018\/08\/misc-1.jpg 1920w, https:\/\/narmer.hu\/wp-content\/uploads\/2018\/08\/misc-1-960x720.jpg 960w, https:\/\/narmer.hu\/wp-content\/uploads\/2018\/08\/misc-1-768x576.jpg 768w\" sizes=\"auto, (max-width: 709px) 85vw, (max-width: 909px) 67vw, (max-width: 1362px) 62vw, 840px\" \/><\/div>\n\t\t<\/figure>\n\t<\/div>\n<\/div><\/div><\/div><\/div><\/div>","protected":false},"excerpt":{"rendered":"AZ IRODA A 2000-ben alap\u00edtott Narmer \u00c9p\u00edt\u00e9szeti St\u00fadi\u00f3 egyik els\u0151 munk\u00e1ja egy \u00e1lland\u00f3 ki\u00e1ll\u00edt\u00e1s tervez\u00e9se volt, melyet az\u00f3ta megk\u00f6zel\u00edt\u0151leg 200 k\u00fcl\u00f6nb\u00f6z\u0151 l\u00e9pt\u00e9k\u0171 \u00e9s tematik\u00e1j\u00fa ki\u00e1ll\u00edt\u00e1s k\u00f6vetett. A kezdetben h\u00e1rom f\u0151s alap\u00edt\u00f3-tervez\u0151 csapat m\u00e1ra 18-20 f\u0151s ki\u00e1ll\u00edt\u00e1stervez\u00e9ssel, bels\u0151\u00e9p\u00edt\u00e9szettel \u00e9s \u00e9p\u00edt\u00e9szettel foglalkoz\u00f3 tervez\u0151-kivitelez\u0151 irod\u00e1v\u00e1 n\u0151tte ki mag\u00e1t. \u00c9rdekl\u0151d\u00e9si ter\u00fclet\u00fcnk\u00f6n bel\u00fcl az \u00e9p\u00edt\u00e9szet olyan hat\u00e1rter\u00fcletei is megtal\u00e1lhat\u00f3ak, mint...","protected":false},"author":1,"featured_media":0,"parent":0,"menu_order":0,"comment_status":"closed","ping_status":"closed","template":"","meta":{"footnotes":""},"class_list":["post-3814","page","type-page","status-publish","hentry"],"_links":{"self":[{"href":"https:\/\/narmer.hu\/en\/wp-json\/wp\/v2\/pages\/3814","targetHints":{"allow":["GET"]}}],"collection":[{"href":"https:\/\/narmer.hu\/en\/wp-json\/wp\/v2\/pages"}],"about":[{"href":"https:\/\/narmer.hu\/en\/wp-json\/wp\/v2\/types\/page"}],"author":[{"embeddable":true,"href":"https:\/\/narmer.hu\/en\/wp-json\/wp\/v2\/users\/1"}],"replies":[{"embeddable":true,"href":"https:\/\/narmer.hu\/en\/wp-json\/wp\/v2\/comments?post=3814"}],"version-history":[{"count":24,"href":"https:\/\/narmer.hu\/en\/wp-json\/wp\/v2\/pages\/3814\/revisions"}],"predecessor-version":[{"id":4819,"href":"https:\/\/narmer.hu\/en\/wp-json\/wp\/v2\/pages\/3814\/revisions\/4819"}],"wp:attachment":[{"href":"https:\/\/narmer.hu\/en\/wp-json\/wp\/v2\/media?parent=3814"}],"curies":[{"name":"wp","href":"https:\/\/api.w.org\/{rel}","templated":true}]}}