{"id":3820,"date":"2018-06-18T15:00:10","date_gmt":"2018-06-18T13:00:10","guid":{"rendered":"http:\/\/narmer.hu\/?page_id=3820"},"modified":"2018-10-08T11:37:45","modified_gmt":"2018-10-08T09:37:45","slug":"partnereink","status":"publish","type":"page","link":"https:\/\/narmer.hu\/en\/partnereink\/","title":{"rendered":"Partnereink"},"content":{"rendered":"<div class=\"vc_row wpb_row vc_row-fluid\"><div class=\"row-container row-default sm-top-padding sm-bottom-padding\"><div class=\"wpb_column vc_column_container vc_col-sm-4\"><div class=\"vc_column-inner\"><div class=\"wpb_wrapper\">\n\t<div class=\"wpb_text_column wpb_content_element\" >\n\t\t<div class=\"wpb_wrapper\">\n\t\t\t<h3>PARTNEREINK<\/h3>\n<p><strong>BIM:<br \/>\n<\/strong>Agorex Kft.<br \/>\nAnimative Kft.<br \/>\nArtrea Consulting Kft.<br \/>\nEferte M\u00e9rn\u00f6ki Szolg\u00e1ltat\u00f3 \u00e9s Tan\u00e1csad\u00f3 Kft.<br \/>\nK\u00f6r\u00f6s Consult Kft.<br \/>\nVA-IQ Elektromos Tervez\u0151 Kft.<\/p>\n<p><strong>M\u00fazeumok:<br \/>\n<\/strong>Kemenes Vulk\u00e1n Park<br \/>\nMagyar Nemzeti M\u00fazeum<br \/>\nMagyars\u00e1g H\u00e1za<br \/>\n\u00d3budai M\u00fazeum<br \/>\nSz\u00e9pm\u0171v\u00e9szeti M\u00fazeum<\/p>\n<p><strong>Fotogr\u00e1fusok, k\u00e9pek forr\u00e1sa:<br \/>\n<\/strong>Bal\u00e1zs Attila<strong><br \/>\n<\/strong>Budapest Gy\u0171jtem\u00e9ny, FSZEK<strong><br \/>\n<\/strong>Hack R\u00f3bert<br \/>\nL\u00e1szl\u00f3 J\u00e1nos (Civertan)<br \/>\nLovas Kl\u00e1ra<br \/>\nM\u00e1tyus L\u00e1szl\u00f3<br \/>\nSchunk Szabolcs<br \/>\nSir\u00f3kai Levente<br \/>\nUjv\u00e1ri S\u00e1ndor<br \/>\nV\u00e1rosi \u00d6nk\u00f6rm\u00e1nyzat Rudab\u00e1nya<br \/>\nVas\u00e1ros-L\u00e9vai Melinda<br \/>\nVas\u00e1ros Zsolt<br \/>\nVikman Andr\u00e1s<\/p>\n\n\t\t<\/div>\n\t<\/div>\n<\/div><\/div><\/div><div class=\"wpb_column vc_column_container vc_col-sm-8\"><div class=\"vc_column-inner\"><div class=\"wpb_wrapper\"><\/div><\/div><\/div><\/div><\/div>","protected":false},"excerpt":{"rendered":"PARTNEREINK BIM: Agorex Kft. Animative Kft. Artrea Consulting Kft. Eferte M\u00e9rn\u00f6ki Szolg\u00e1ltat\u00f3 \u00e9s Tan\u00e1csad\u00f3 Kft. K\u00f6r\u00f6s Consult Kft. VA-IQ Elektromos Tervez\u0151 Kft. M\u00fazeumok: Kemenes Vulk\u00e1n Park Magyar Nemzeti M\u00fazeum Magyars\u00e1g H\u00e1za \u00d3budai M\u00fazeum Sz\u00e9pm\u0171v\u00e9szeti M\u00fazeum Fotogr\u00e1fusok, k\u00e9pek forr\u00e1sa: Bal\u00e1zs Attila Budapest Gy\u0171jtem\u00e9ny, FSZEK Hack R\u00f3bert L\u00e1szl\u00f3 J\u00e1nos (Civertan) Lovas Kl\u00e1ra M\u00e1tyus L\u00e1szl\u00f3 Schunk Szabolcs Sir\u00f3kai...","protected":false},"author":1,"featured_media":0,"parent":0,"menu_order":0,"comment_status":"closed","ping_status":"closed","template":"","meta":{"footnotes":""},"class_list":["post-3820","page","type-page","status-publish","hentry"],"_links":{"self":[{"href":"https:\/\/narmer.hu\/en\/wp-json\/wp\/v2\/pages\/3820","targetHints":{"allow":["GET"]}}],"collection":[{"href":"https:\/\/narmer.hu\/en\/wp-json\/wp\/v2\/pages"}],"about":[{"href":"https:\/\/narmer.hu\/en\/wp-json\/wp\/v2\/types\/page"}],"author":[{"embeddable":true,"href":"https:\/\/narmer.hu\/en\/wp-json\/wp\/v2\/users\/1"}],"replies":[{"embeddable":true,"href":"https:\/\/narmer.hu\/en\/wp-json\/wp\/v2\/comments?post=3820"}],"version-history":[{"count":10,"href":"https:\/\/narmer.hu\/en\/wp-json\/wp\/v2\/pages\/3820\/revisions"}],"predecessor-version":[{"id":5119,"href":"https:\/\/narmer.hu\/en\/wp-json\/wp\/v2\/pages\/3820\/revisions\/5119"}],"wp:attachment":[{"href":"https:\/\/narmer.hu\/en\/wp-json\/wp\/v2\/media?parent=3820"}],"curies":[{"name":"wp","href":"https:\/\/api.w.org\/{rel}","templated":true}]}}