{"id":4083,"date":"2018-07-24T16:08:29","date_gmt":"2018-07-24T14:08:29","guid":{"rendered":"http:\/\/narmer.hu\/?page_id=4083"},"modified":"2024-02-15T22:49:20","modified_gmt":"2024-02-15T21:49:20","slug":"csapat","status":"publish","type":"page","link":"https:\/\/narmer.hu\/en\/rolunk\/csapat\/","title":{"rendered":"Team"},"content":{"rendered":"<div class=\"vc_row wpb_row vc_row-fluid\"><div class=\"row-container row-default sm-top-padding sm-bottom-padding\"><div class=\"wpb_column vc_column_container vc_col-sm-4\"><div class=\"vc_column-inner\"><div class=\"wpb_wrapper\">\n\t<div class=\"wpb_text_column wpb_content_element\" >\n\t\t<div class=\"wpb_wrapper\">\n\t\t\t<h3>THE TEAM<\/h3>\n\n\t\t<\/div>\n\t<\/div>\n\n\t<div class=\"wpb_text_column wpb_content_element\" >\n\t\t<div class=\"wpb_wrapper\">\n\t\t\t<p style=\"text-align: justify;\">\u201eThe team flushed, and accompanied by the three little jackdaws they flew towards the shining space, towards winter and spring, towards time that no one knows exactly what it is.\u201d\n\/\/ Fekete Istv\u00e1n<br \/>\n\/\/ Fekete Istv\u00e1n<\/p>\n\n\t\t<\/div>\n\t<\/div>\n<\/div><\/div><\/div><div class=\"wpb_column vc_column_container vc_col-sm-8\"><div class=\"vc_column-inner vc_custom_1532944037948\"><div class=\"wpb_wrapper\"><div class=\"team meta-in-hover\">\r\n\t<div class=\"row masonry\">\r\n\t\t<div class=\"col-md-3 col-sm-6 col-xs-12 selector wow animated fadeInNeuron\" >\r\n\t<div class=\"member\">\r\n\t\t<div class=\"member-image\">\r\n\t\t\t\t\t\t\t<div class=\"member-bg-overlay\" style=\"background-color: #000000\"><\/div>\r\n\t\t\t\t\t\t<div class=\"member-overlay\">\r\n\t\t\t\t<div class=\"member-overlay-wrap\">\r\n\t\t\t\t\t<div class=\"inner-overlay-content\">\r\n\t\t\t\t\t\t\t\t\t\t\t\t\t<div class=\"member-content\">\r\n\t\t\t\t\t\t\t\t\t\t\t\t\t\t\t\t\t\t\t<h3 style=\"\" class=\"member-title h4\">CARLA CHLELA<\/h3>\r\n\t\t\t\t\t\t\t\t\t\t\t\t\t\t\t\t\t\t<span>architect<\/span>\r\n\t\t\t\t\t\t\t<\/div>\r\n\t\t\t\t\t\t\t\t\t\t\t\t\t\t\t\t\t<\/div>\r\n\t\t\t\t<\/div>\r\n\t\t\t<\/div>\r\n\t\t\t<div class=\"lazyloaded-img\" style=\"padding-bottom: 100.000000% !important;\">\r\n\t\t\t\t<img decoding=\"async\" class=\"lazyload\" src=\"https:\/\/narmer.hu\/wp-content\/uploads\/2018\/07\/csapat_negyzet.png\">\r\n\t\t\t<\/div>\r\n\t\t<\/div>\r\n\t\t\t<\/div>\r\n<\/div>\r\n<div class=\"col-md-3 col-sm-6 col-xs-12 selector wow animated fadeInNeuron\" >\r\n\t<div class=\"member\">\r\n\t\t<div class=\"member-image\">\r\n\t\t\t\t\t\t\t<div class=\"member-bg-overlay\" style=\"background-color: #000000\"><\/div>\r\n\t\t\t\t\t\t<div class=\"member-overlay\">\r\n\t\t\t\t<div class=\"member-overlay-wrap\">\r\n\t\t\t\t\t<div class=\"inner-overlay-content\">\r\n\t\t\t\t\t\t\t\t\t\t\t\t\t<div class=\"member-content\">\r\n\t\t\t\t\t\t\t\t\t\t\t\t\t\t\t\t\t\t\t<h3 style=\"\" class=\"member-title h4\">D\u00d3RA D\u00c1VID<\/h3>\r\n\t\t\t\t\t\t\t\t\t\t\t\t\t\t\t\t\t\t<span>architect<\/span>\r\n\t\t\t\t\t\t\t<\/div>\r\n\t\t\t\t\t\t\t\t\t\t\t\t\t\t\t\t\t<\/div>\r\n\t\t\t\t<\/div>\r\n\t\t\t<\/div>\r\n\t\t\t<div class=\"lazyloaded-img\" style=\"padding-bottom: 100.000000% !important;\">\r\n\t\t\t\t<img decoding=\"async\" class=\"lazyload\" src=\"https:\/\/narmer.hu\/wp-content\/uploads\/2018\/07\/csapat_negyzet.png\">\r\n\t\t\t<\/div>\r\n\t\t<\/div>\r\n\t\t\t<\/div>\r\n<\/div>\r\n<div class=\"col-md-3 col-sm-6 col-xs-12 selector wow animated fadeInNeuron\" >\r\n\t<div class=\"member\">\r\n\t\t<div class=\"member-image\">\r\n\t\t\t\t\t\t\t<div class=\"member-bg-overlay\" style=\"background-color: #000000\"><\/div>\r\n\t\t\t\t\t\t<div class=\"member-overlay\">\r\n\t\t\t\t<div class=\"member-overlay-wrap\">\r\n\t\t\t\t\t<div class=\"inner-overlay-content\">\r\n\t\t\t\t\t\t\t\t\t\t\t\t\t<div class=\"member-content\">\r\n\t\t\t\t\t\t\t\t\t\t\t\t\t\t\t\t\t\t\t<h3 style=\"\" class=\"member-title h4\">KATALIN HAUSZKNECHT<\/h3>\r\n\t\t\t\t\t\t\t\t\t\t\t\t\t\t\t\t\t\t<span>architect<\/span>\r\n\t\t\t\t\t\t\t<\/div>\r\n\t\t\t\t\t\t\t\t\t\t\t\t\t\t\t\t\t<\/div>\r\n\t\t\t\t<\/div>\r\n\t\t\t<\/div>\r\n\t\t\t<div class=\"lazyloaded-img\" style=\"padding-bottom: 100.000000% !important;\">\r\n\t\t\t\t<img decoding=\"async\" class=\"lazyload\" src=\"https:\/\/narmer.hu\/wp-content\/uploads\/2018\/07\/csapat_negyzet.png\">\r\n\t\t\t<\/div>\r\n\t\t<\/div>\r\n\t\t\t<\/div>\r\n<\/div>\r\n<div class=\"col-md-3 col-sm-6 col-xs-12 selector wow animated fadeInNeuron\" >\r\n\t<div class=\"member\">\r\n\t\t<div class=\"member-image\">\r\n\t\t\t\t\t\t\t<div class=\"member-bg-overlay\" style=\"background-color: #000000\"><\/div>\r\n\t\t\t\t\t\t<div class=\"member-overlay\">\r\n\t\t\t\t<div class=\"member-overlay-wrap\">\r\n\t\t\t\t\t<div class=\"inner-overlay-content\">\r\n\t\t\t\t\t\t\t\t\t\t\t\t\t<div class=\"member-content\">\r\n\t\t\t\t\t\t\t\t\t\t\t\t\t\t\t\t\t\t\t<h3 style=\"\" class=\"member-title h4\">ESZTER ILL\u00c9S<\/h3>\r\n\t\t\t\t\t\t\t\t\t\t\t\t\t\t\t\t\t\t<span>graphic designer<\/span>\r\n\t\t\t\t\t\t\t<\/div>\r\n\t\t\t\t\t\t\t\t\t\t\t\t\t\t\t\t\t<\/div>\r\n\t\t\t\t<\/div>\r\n\t\t\t<\/div>\r\n\t\t\t<div class=\"lazyloaded-img\" style=\"padding-bottom: 100.000000% !important;\">\r\n\t\t\t\t<img decoding=\"async\" class=\"lazyload\" src=\"https:\/\/narmer.hu\/wp-content\/uploads\/2018\/07\/csapat_negyzet.png\">\r\n\t\t\t<\/div>\r\n\t\t<\/div>\r\n\t\t\t<\/div>\r\n<\/div>\r\n<div class=\"col-md-3 col-sm-6 col-xs-12 selector wow animated fadeInNeuron\" >\r\n\t<div class=\"member\">\r\n\t\t<div class=\"member-image\">\r\n\t\t\t\t\t\t\t<div class=\"member-bg-overlay\" style=\"background-color: #000000\"><\/div>\r\n\t\t\t\t\t\t<div class=\"member-overlay\">\r\n\t\t\t\t<div class=\"member-overlay-wrap\">\r\n\t\t\t\t\t<div class=\"inner-overlay-content\">\r\n\t\t\t\t\t\t\t\t\t\t\t\t\t<div class=\"member-content\">\r\n\t\t\t\t\t\t\t\t\t\t\t\t\t\t\t\t\t\t\t<h3 style=\"\" class=\"member-title h4\">ZS\u00d3FIA KORONCZAI<\/h3>\r\n\t\t\t\t\t\t\t\t\t\t\t\t\t\t\t\t\t\t<span>architect<\/span>\r\n\t\t\t\t\t\t\t<\/div>\r\n\t\t\t\t\t\t\t\t\t\t\t\t\t\t\t\t\t<\/div>\r\n\t\t\t\t<\/div>\r\n\t\t\t<\/div>\r\n\t\t\t<div class=\"lazyloaded-img\" style=\"padding-bottom: 100.000000% !important;\">\r\n\t\t\t\t<img decoding=\"async\" class=\"lazyload\" src=\"https:\/\/narmer.hu\/wp-content\/uploads\/2018\/07\/csapat_negyzet.png\">\r\n\t\t\t<\/div>\r\n\t\t<\/div>\r\n\t\t\t<\/div>\r\n<\/div>\r\n<div class=\"col-md-3 col-sm-6 col-xs-12 selector wow animated fadeInNeuron\" >\r\n\t<div class=\"member\">\r\n\t\t<div class=\"member-image\">\r\n\t\t\t\t\t\t\t<div class=\"member-bg-overlay\" style=\"background-color: #000000\"><\/div>\r\n\t\t\t\t\t\t<div class=\"member-overlay\">\r\n\t\t\t\t<div class=\"member-overlay-wrap\">\r\n\t\t\t\t\t<div class=\"inner-overlay-content\">\r\n\t\t\t\t\t\t\t\t\t\t\t\t\t<div class=\"member-content\">\r\n\t\t\t\t\t\t\t\t\t\t\t\t\t\t\t\t\t\t\t<h3 style=\"\" class=\"member-title h4\">PETRA KOV\u00c1TS<\/h3>\r\n\t\t\t\t\t\t\t\t\t\t\t\t\t\t\t\t\t\t<span>architect<\/span>\r\n\t\t\t\t\t\t\t<\/div>\r\n\t\t\t\t\t\t\t\t\t\t\t\t\t\t\t\t\t<\/div>\r\n\t\t\t\t<\/div>\r\n\t\t\t<\/div>\r\n\t\t\t<div class=\"lazyloaded-img\" style=\"padding-bottom: 100.000000% !important;\">\r\n\t\t\t\t<img decoding=\"async\" class=\"lazyload\" src=\"https:\/\/narmer.hu\/wp-content\/uploads\/2018\/07\/csapat_negyzet.png\">\r\n\t\t\t<\/div>\r\n\t\t<\/div>\r\n\t\t\t<\/div>\r\n<\/div>\r\n<div class=\"col-md-3 col-sm-6 col-xs-12 selector wow animated fadeInNeuron\" >\r\n\t<div class=\"member\">\r\n\t\t<div class=\"member-image\">\r\n\t\t\t\t\t\t\t<div class=\"member-bg-overlay\" style=\"background-color: #000000\"><\/div>\r\n\t\t\t\t\t\t<div class=\"member-overlay\">\r\n\t\t\t\t<div class=\"member-overlay-wrap\">\r\n\t\t\t\t\t<div class=\"inner-overlay-content\">\r\n\t\t\t\t\t\t\t\t\t\t\t\t\t<div class=\"member-content\">\r\n\t\t\t\t\t\t\t\t\t\t\t\t\t\t\t\t\t\t\t<h3 style=\"\" class=\"member-title h4\">SCHROTT ZS\u00d3FIA<\/h3>\r\n\t\t\t\t\t\t\t\t\t\t\t\t\t\t\t\t\t\t<span>architect<\/span>\r\n\t\t\t\t\t\t\t<\/div>\r\n\t\t\t\t\t\t\t\t\t\t\t\t\t\t\t\t\t<\/div>\r\n\t\t\t\t<\/div>\r\n\t\t\t<\/div>\r\n\t\t\t<div class=\"lazyloaded-img\" style=\"padding-bottom: 71.060606% !important;\">\r\n\t\t\t\t<img decoding=\"async\" class=\"lazyload\" src=\"https:\/\/narmer.hu\/wp-content\/themes\/dendrite\/assets\/images\/default.png\">\r\n\t\t\t<\/div>\r\n\t\t<\/div>\r\n\t\t\t<\/div>\r\n<\/div>\r\n<div class=\"col-md-3 col-sm-6 col-xs-12 selector wow animated fadeInNeuron\" >\r\n\t<div class=\"member\">\r\n\t\t<div class=\"member-image\">\r\n\t\t\t\t\t\t\t<div class=\"member-bg-overlay\" style=\"background-color: #000000\"><\/div>\r\n\t\t\t\t\t\t<div class=\"member-overlay\">\r\n\t\t\t\t<div class=\"member-overlay-wrap\">\r\n\t\t\t\t\t<div class=\"inner-overlay-content\">\r\n\t\t\t\t\t\t\t\t\t\t\t\t\t<div class=\"member-content\">\r\n\t\t\t\t\t\t\t\t\t\t\t\t\t\t\t\t\t\t\t<h3 style=\"\" class=\"member-title h4\">\u00c1KOS VAS\u00c1ROS<\/h3>\r\n\t\t\t\t\t\t\t\t\t\t\t\t\t\t\t\t\t\t<span>COO<\/span>\r\n\t\t\t\t\t\t\t<\/div>\r\n\t\t\t\t\t\t\t\t\t\t\t\t\t\t\t\t\t<\/div>\r\n\t\t\t\t<\/div>\r\n\t\t\t<\/div>\r\n\t\t\t<div class=\"lazyloaded-img\" style=\"padding-bottom: 100.000000% !important;\">\r\n\t\t\t\t<img decoding=\"async\" class=\"lazyload\" src=\"https:\/\/narmer.hu\/wp-content\/uploads\/2018\/07\/csapat_negyzet.png\">\r\n\t\t\t<\/div>\r\n\t\t<\/div>\r\n\t\t\t<\/div>\r\n<\/div>\r\n<div class=\"col-md-3 col-sm-6 col-xs-12 selector wow animated fadeInNeuron\" >\r\n\t<div class=\"member\">\r\n\t\t<div class=\"member-image\">\r\n\t\t\t\t\t\t\t<div class=\"member-bg-overlay\" style=\"background-color: #000000\"><\/div>\r\n\t\t\t\t\t\t<div class=\"member-overlay\">\r\n\t\t\t\t<div class=\"member-overlay-wrap\">\r\n\t\t\t\t\t<div class=\"inner-overlay-content\">\r\n\t\t\t\t\t\t\t\t\t\t\t\t\t<div class=\"member-content\">\r\n\t\t\t\t\t\t\t\t\t\t\t\t\t\t\t\t\t\t\t<h3 style=\"\" class=\"member-title h4\">MELINDA VAS\u00c1ROS-L\u00c9VAI<\/h3>\r\n\t\t\t\t\t\t\t\t\t\t\t\t\t\t\t\t\t\t<span>architect<\/span>\r\n\t\t\t\t\t\t\t<\/div>\r\n\t\t\t\t\t\t\t\t\t\t\t\t\t\t\t\t\t<\/div>\r\n\t\t\t\t<\/div>\r\n\t\t\t<\/div>\r\n\t\t\t<div class=\"lazyloaded-img\" style=\"padding-bottom: 100.000000% !important;\">\r\n\t\t\t\t<img decoding=\"async\" class=\"lazyload\" src=\"https:\/\/narmer.hu\/wp-content\/uploads\/2018\/07\/csapat_negyzet.png\">\r\n\t\t\t<\/div>\r\n\t\t<\/div>\r\n\t\t\t<\/div>\r\n<\/div>\r\n<div class=\"col-md-3 col-sm-6 col-xs-12 selector wow animated fadeInNeuron\" >\r\n\t<div class=\"member\">\r\n\t\t<div class=\"member-image\">\r\n\t\t\t\t\t\t\t<div class=\"member-bg-overlay\" style=\"background-color: #000000\"><\/div>\r\n\t\t\t\t\t\t<div class=\"member-overlay\">\r\n\t\t\t\t<div class=\"member-overlay-wrap\">\r\n\t\t\t\t\t<div class=\"inner-overlay-content\">\r\n\t\t\t\t\t\t\t\t\t\t\t\t\t<div class=\"member-content\">\r\n\t\t\t\t\t\t\t\t\t\t\t\t\t\t\t\t\t\t\t<h3 style=\"\" class=\"member-title h4\">ZSOLT VAS\u00c1ROS DLA<\/h3>\r\n\t\t\t\t\t\t\t\t\t\t\t\t\t\t\t\t\t\t<span>Ybl Laureate, chief architect<\/span>\r\n\t\t\t\t\t\t\t<\/div>\r\n\t\t\t\t\t\t\t\t\t\t\t\t\t\t\t\t\t<\/div>\r\n\t\t\t\t<\/div>\r\n\t\t\t<\/div>\r\n\t\t\t<div class=\"lazyloaded-img\" style=\"padding-bottom: 100.000000% !important;\">\r\n\t\t\t\t<img decoding=\"async\" class=\"lazyload\" src=\"https:\/\/narmer.hu\/wp-content\/uploads\/2018\/07\/csapat_negyzet.png\">\r\n\t\t\t<\/div>\r\n\t\t<\/div>\r\n\t\t\t<\/div>\r\n<\/div>\r\n<div class=\"col-md-3 col-sm-6 col-xs-12 selector wow animated fadeInNeuron\" >\r\n\t<div class=\"member\">\r\n\t\t<div class=\"member-image\">\r\n\t\t\t\t\t\t\t<div class=\"member-bg-overlay\" style=\"background-color: #000000\"><\/div>\r\n\t\t\t\t\t\t<div class=\"member-overlay\">\r\n\t\t\t\t<div class=\"member-overlay-wrap\">\r\n\t\t\t\t\t<div class=\"inner-overlay-content\">\r\n\t\t\t\t\t\t\t\t\t\t\t\t\t<div class=\"member-content\">\r\n\t\t\t\t\t\t\t\t\t\t\t\t\t\t\t\t\t\t\t<h3 style=\"\" class=\"member-title h4\">\u00c1GNES V\u00c9NER<\/h3>\r\n\t\t\t\t\t\t\t\t\t\t\t\t\t\t\t\t\t\t<span>interior designer<\/span>\r\n\t\t\t\t\t\t\t<\/div>\r\n\t\t\t\t\t\t\t\t\t\t\t\t\t\t\t\t\t<\/div>\r\n\t\t\t\t<\/div>\r\n\t\t\t<\/div>\r\n\t\t\t<div class=\"lazyloaded-img\" style=\"padding-bottom: 100.000000% !important;\">\r\n\t\t\t\t<img decoding=\"async\" class=\"lazyload\" src=\"https:\/\/narmer.hu\/wp-content\/uploads\/2018\/07\/csapat_negyzet.png\">\r\n\t\t\t<\/div>\r\n\t\t<\/div>\r\n\t\t\t<\/div>\r\n<\/div>\r\n<div class=\"col-md-3 col-sm-6 col-xs-12 selector wow animated fadeInNeuron\" >\r\n\t<div class=\"member\">\r\n\t\t<div class=\"member-image\">\r\n\t\t\t\t\t\t\t<div class=\"member-bg-overlay\" style=\"background-color: #000000\"><\/div>\r\n\t\t\t\t\t\t<div class=\"member-overlay\">\r\n\t\t\t\t<div class=\"member-overlay-wrap\">\r\n\t\t\t\t\t<div class=\"inner-overlay-content\">\r\n\t\t\t\t\t\t\t\t\t\t\t\t\t<div class=\"member-content\">\r\n\t\t\t\t\t\t\t\t\t\t\t\t\t\t\t\t\t\t\t<h3 style=\"\" class=\"member-title h4\">LILLA VINCZE<\/h3>\r\n\t\t\t\t\t\t\t\t\t\t\t\t\t\t\t\t\t\t<span>graphic designer<\/span>\r\n\t\t\t\t\t\t\t<\/div>\r\n\t\t\t\t\t\t\t\t\t\t\t\t\t\t\t\t\t<\/div>\r\n\t\t\t\t<\/div>\r\n\t\t\t<\/div>\r\n\t\t\t<div class=\"lazyloaded-img\" style=\"padding-bottom: 100.000000% !important;\">\r\n\t\t\t\t<img decoding=\"async\" class=\"lazyload\" src=\"https:\/\/narmer.hu\/wp-content\/uploads\/2018\/07\/csapat_negyzet.png\">\r\n\t\t\t<\/div>\r\n\t\t<\/div>\r\n\t\t\t<\/div>\r\n<\/div>\r\n\t<\/div>\r\n<\/div>\r\n<\/div><\/div><\/div><\/div><\/div>","protected":false},"excerpt":{"rendered":"A CSAPAT \"A csapat\u00a0felrebbent, s a h\u00e1rom kis cs\u00f3k\u00e1val egy\u00fctt nekirep\u00fcltek a ragyog\u00f3 t\u00e9rnek, a t\u00e9lnek \u00e9s a tavasznak, az id\u0151nek, amir\u0151l senki sem tudja, hogy tulajdonk\u00e9ppen micsoda.\" \/\/ Fekete Istv\u00e1n CHLELA CARLA \u00e9p\u00edt\u00e9sz D\u00c1VID D\u00d3RA \u00e9p\u00edt\u00e9sz HAUSZKNECHT KATALIN \u00e9p\u00edt\u00e9sz ILL\u00c9S ESZTER grafikus KORONCZAI ZS\u00d3FIA \u00e9p\u00edt\u00e9sz KOV\u00c1TS PETRA \u00e9p\u00edt\u00e9sz SCHROTT ZS\u00d3FIA \u00e9p\u00edt\u00e9sz VAS\u00c1ROS \u00c1KOS \u00fcgyvezet\u0151...","protected":false},"author":1,"featured_media":0,"parent":3814,"menu_order":0,"comment_status":"closed","ping_status":"closed","template":"","meta":{"footnotes":""},"class_list":["post-4083","page","type-page","status-publish","hentry"],"_links":{"self":[{"href":"https:\/\/narmer.hu\/en\/wp-json\/wp\/v2\/pages\/4083","targetHints":{"allow":["GET"]}}],"collection":[{"href":"https:\/\/narmer.hu\/en\/wp-json\/wp\/v2\/pages"}],"about":[{"href":"https:\/\/narmer.hu\/en\/wp-json\/wp\/v2\/types\/page"}],"author":[{"embeddable":true,"href":"https:\/\/narmer.hu\/en\/wp-json\/wp\/v2\/users\/1"}],"replies":[{"embeddable":true,"href":"https:\/\/narmer.hu\/en\/wp-json\/wp\/v2\/comments?post=4083"}],"version-history":[{"count":33,"href":"https:\/\/narmer.hu\/en\/wp-json\/wp\/v2\/pages\/4083\/revisions"}],"predecessor-version":[{"id":6088,"href":"https:\/\/narmer.hu\/en\/wp-json\/wp\/v2\/pages\/4083\/revisions\/6088"}],"up":[{"embeddable":true,"href":"https:\/\/narmer.hu\/en\/wp-json\/wp\/v2\/pages\/3814"}],"wp:attachment":[{"href":"https:\/\/narmer.hu\/en\/wp-json\/wp\/v2\/media?parent=4083"}],"curies":[{"name":"wp","href":"https:\/\/api.w.org\/{rel}","templated":true}]}}