{"id":4171,"date":"2018-07-26T15:25:12","date_gmt":"2018-07-26T13:25:12","guid":{"rendered":"http:\/\/narmer.hu\/?page_id=4171"},"modified":"2018-08-02T19:38:55","modified_gmt":"2018-08-02T17:38:55","slug":"bim","status":"publish","type":"page","link":"https:\/\/narmer.hu\/en\/rolunk\/bim\/","title":{"rendered":"BIM"},"content":{"rendered":"<div class=\"vc_row wpb_row vc_row-fluid\"><div class=\"row-container row-default sm-top-padding sm-bottom-padding\"><div class=\"wpb_column vc_column_container vc_col-sm-4\"><div class=\"vc_column-inner\"><div class=\"wpb_wrapper\">\n\t<div class=\"wpb_text_column wpb_content_element \" >\n\t\t<div class=\"wpb_wrapper\">\n\t\t\t<h3>BIM<\/h3>\n\n\t\t<\/div>\n\t<\/div>\n\n\t<div class=\"wpb_text_column wpb_content_element \" >\n\t\t<div class=\"wpb_wrapper\">\n\t\t\t<p style=\"text-align: justify;\">T\u00f6bb mint 10 \u00e9v CAD haszn\u00e1lat ut\u00e1n irod\u00e1nk 2013-ban d\u00f6nt\u00f6tt a modell- \u00e9s inform\u00e1ci\u00f3alap\u00fa tervez\u00e9s bevezet\u00e9se mellett. Ahhoz, hogy meg tudjunk felelni az egyre nagyobb kih\u00edv\u00e1soknak egy teljesen \u00faj szeml\u00e9letet \u00e9s gondolkod\u00e1sm\u00f3dot kellett elsaj\u00e1t\u00edtanunk. Az elm\u00falt 5 \u00e9vben leraktuk a Narmer \u00c9p\u00edt\u00e9szeti St\u00fadi\u00f3 BIM alapk\u00f6veit: mind a ki\u00e1ll\u00edt\u00e1s\u00e9p\u00edt\u00e9szeti, mind a bels\u0151\u00e9p\u00edt\u00e9szeti, mind pedig az \u00e9p\u00edt\u00e9szeti tervez\u00e9s ter\u00fclet\u00e9n teljesen \u00fajragondoltuk \u00e9s \u00e1talak\u00edtottuk addigi munkam\u00f3dszereinket. BIM csapatunk folyamatos k\u00e9pz\u00e9se \u00e9s \u00e9p\u00edt\u00e9se mellett k\u00f6vetj\u00fck \u00e9s alkalmazzuk a leg\u00fajabb fejleszt\u00e9seket, melyeket saj\u00e1t innovat\u00edv megold\u00e1sainkkal \u00f6tv\u00f6zve mindig k\u00e9pesek vagyunk n\u00f6velni \u00fcgyfeleink sz\u00e1m\u00e1ra ny\u00fajtott szolg\u00e1ltat\u00e1saink min\u0151s\u00e9g\u00e9t.<\/p>\n\n\t\t<\/div>\n\t<\/div>\n<\/div><\/div><\/div><div class=\"wpb_column vc_column_container vc_col-sm-8\"><div class=\"vc_column-inner\"><div class=\"wpb_wrapper\"><div id=\"69df98ef024b3\" class=\"owl-carousel owl-theme vc_custom_1533214818338\">\r\n\t\t\t\t    <div class=\"item lazyloaded-img\" style=\"padding-bottom: 55.000000% !important;\">\r\n\t\t\t<img decoding=\"async\" class=\"lazyload\" src=\"https:\/\/narmer.hu\/wp-content\/uploads\/2018\/07\/SZI_BIM2.jpg\">\r\n\t    <\/div>\r\n\t\t\t\t    <div class=\"item lazyloaded-img\" style=\"padding-bottom: 55.611111% !important;\">\r\n\t\t\t<img decoding=\"async\" class=\"lazyload\" src=\"https:\/\/narmer.hu\/wp-content\/uploads\/2018\/07\/BIM_NESTING2.jpg\">\r\n\t    <\/div>\r\n\t\t\t\t    <div class=\"item lazyloaded-img\" style=\"padding-bottom: 55.396541% !important;\">\r\n\t\t\t<img decoding=\"async\" class=\"lazyload\" src=\"https:\/\/narmer.hu\/wp-content\/uploads\/2018\/08\/BIM_mutargy.jpg\">\r\n\t    <\/div>\r\n\t\t\t\t    <div class=\"item lazyloaded-img\" style=\"padding-bottom: 56.250000% !important;\">\r\n\t\t\t<img decoding=\"async\" class=\"lazyload\" src=\"https:\/\/narmer.hu\/wp-content\/uploads\/2018\/07\/el\u0151t\u00e9r_b\u00fcf\u00e93.jpg\">\r\n\t    <\/div>\r\n\t\t\t\t    <div class=\"item lazyloaded-img\" style=\"padding-bottom: 55.077658% !important;\">\r\n\t\t\t<img decoding=\"async\" class=\"lazyload\" src=\"https:\/\/narmer.hu\/wp-content\/uploads\/2018\/07\/BIM360_1.jpg\">\r\n\t    <\/div>\r\n\t\t\t\t    <div class=\"item lazyloaded-img\" style=\"padding-bottom: 55.396541% !important;\">\r\n\t\t\t<img decoding=\"async\" class=\"lazyload\" src=\"https:\/\/narmer.hu\/wp-content\/uploads\/2018\/07\/BIM360_karszt_VIZ.jpg\">\r\n\t    <\/div>\r\n\t\t\t\t    <div class=\"item lazyloaded-img\" style=\"padding-bottom: 55.217651% !important;\">\r\n\t\t\t<img decoding=\"async\" class=\"lazyload\" src=\"https:\/\/narmer.hu\/wp-content\/uploads\/2018\/07\/BIM360_karszt_lcd.jpg\">\r\n\t    <\/div>\r\n\t\t\t\t    <div class=\"item lazyloaded-img\" style=\"padding-bottom: 55.131265% !important;\">\r\n\t\t\t<img decoding=\"async\" class=\"lazyload\" src=\"https:\/\/narmer.hu\/wp-content\/uploads\/2018\/07\/BIM360_karszt_0.jpg\">\r\n\t    <\/div>\r\n\t\t\t\t    <div class=\"item lazyloaded-img\" style=\"padding-bottom: 55.065554% !important;\">\r\n\t\t\t<img decoding=\"async\" class=\"lazyload\" src=\"https:\/\/narmer.hu\/wp-content\/uploads\/2018\/07\/BIM360_karszt.jpg\">\r\n\t    <\/div>\r\n\t\t\t\t    <div class=\"item lazyloaded-img\" style=\"padding-bottom: 55.122828% !important;\">\r\n\t\t\t<img decoding=\"async\" class=\"lazyload\" src=\"https:\/\/narmer.hu\/wp-content\/uploads\/2018\/07\/BIM360_2.jpg\">\r\n\t    <\/div>\r\n\t\t\t\t    <div class=\"item lazyloaded-img\" style=\"padding-bottom: 54.892601% !important;\">\r\n\t\t\t<img decoding=\"async\" class=\"lazyload\" src=\"https:\/\/narmer.hu\/wp-content\/uploads\/2018\/07\/BIM360_team_EP.jpg\">\r\n\t    <\/div>\r\n\t\t\t\t    <div class=\"item lazyloaded-img\" style=\"padding-bottom: 55.071599% !important;\">\r\n\t\t\t<img decoding=\"async\" class=\"lazyload\" src=\"https:\/\/narmer.hu\/wp-content\/uploads\/2018\/07\/BIM360_team_EG3.jpg\">\r\n\t    <\/div>\r\n\t<\/div>\r\n<script type=\"text\/javascript\">\r\n\tjQuery(document).ready(function($){\r\n\t\tvar owl = $('#69df98ef024b3');\r\n\t\towl.owlCarousel({\r\n\t\t\titems: 1,\r\n\t\t\tmargin: 0,\r\n\t\t\tautoHeight: false,\r\n\t\t\tloop: true,\r\n\t\t\tmouseDrag: true,\r\n\t\t\ttouchDrag: true,\r\n\t\t\tstagePadding: 0,\r\n\t\t\tstartPosition: 0,\r\n\t\t\tnav: false,\r\n\t\t\tnavText: [\r\n\t\t\t\t\"<i class='fa fa-angle-left'><\/i>\",\r\n\t\t\t\t\"<i class='fa fa-angle-right'><\/i>\"\r\n\t\t\t],\r\n\t\t\tdots: false,\r\n\t\t\tautoplay: true,\r\n\t\t\tautoplayTimeout: 5000,\r\n\t\t\tautoplayHoverPause: false,\r\n\t\t\tsmartSpeed: 450,\r\n\t\t\tresponsive: {\r\n\t\t\t\t769: {\r\n\t\t\t\t\titems: 1\t\t\t\t}\r\n\t\t\t}\r\n\t\t});\r\n\t});\r\n<\/script>\r\n<\/div><\/div><\/div><\/div><\/div>\n","protected":false},"excerpt":{"rendered":"BIM T\u00f6bb mint 10 \u00e9v CAD haszn\u00e1lat ut\u00e1n irod\u00e1nk 2013-ban d\u00f6nt\u00f6tt a modell- \u00e9s inform\u00e1ci\u00f3alap\u00fa tervez\u00e9s bevezet\u00e9se mellett. Ahhoz, hogy meg tudjunk felelni az egyre nagyobb kih\u00edv\u00e1soknak egy teljesen \u00faj szeml\u00e9letet \u00e9s gondolkod\u00e1sm\u00f3dot kellett elsaj\u00e1t\u00edtanunk. Az elm\u00falt 5 \u00e9vben leraktuk a Narmer \u00c9p\u00edt\u00e9szeti St\u00fadi\u00f3 BIM alapk\u00f6veit: mind a ki\u00e1ll\u00edt\u00e1s\u00e9p\u00edt\u00e9szeti, mind a bels\u0151\u00e9p\u00edt\u00e9szeti, mind pedig az...","protected":false},"author":1,"featured_media":0,"parent":3814,"menu_order":0,"comment_status":"closed","ping_status":"closed","template":"","meta":{"footnotes":""},"class_list":["post-4171","page","type-page","status-publish","hentry"],"_links":{"self":[{"href":"https:\/\/narmer.hu\/en\/wp-json\/wp\/v2\/pages\/4171","targetHints":{"allow":["GET"]}}],"collection":[{"href":"https:\/\/narmer.hu\/en\/wp-json\/wp\/v2\/pages"}],"about":[{"href":"https:\/\/narmer.hu\/en\/wp-json\/wp\/v2\/types\/page"}],"author":[{"embeddable":true,"href":"https:\/\/narmer.hu\/en\/wp-json\/wp\/v2\/users\/1"}],"replies":[{"embeddable":true,"href":"https:\/\/narmer.hu\/en\/wp-json\/wp\/v2\/comments?post=4171"}],"version-history":[{"count":16,"href":"https:\/\/narmer.hu\/en\/wp-json\/wp\/v2\/pages\/4171\/revisions"}],"predecessor-version":[{"id":4844,"href":"https:\/\/narmer.hu\/en\/wp-json\/wp\/v2\/pages\/4171\/revisions\/4844"}],"up":[{"embeddable":true,"href":"https:\/\/narmer.hu\/en\/wp-json\/wp\/v2\/pages\/3814"}],"wp:attachment":[{"href":"https:\/\/narmer.hu\/en\/wp-json\/wp\/v2\/media?parent=4171"}],"curies":[{"name":"wp","href":"https:\/\/api.w.org\/{rel}","templated":true}]}}