{"id":4179,"date":"2018-07-26T16:21:08","date_gmt":"2018-07-26T14:21:08","guid":{"rendered":"http:\/\/narmer.hu\/?page_id=4179"},"modified":"2024-02-15T22:31:07","modified_gmt":"2024-02-15T21:31:07","slug":"impresszum","status":"publish","type":"page","link":"https:\/\/narmer.hu\/en\/impresszum\/","title":{"rendered":"IMPRESSZUM"},"content":{"rendered":"<div class=\"vc_row wpb_row vc_row-fluid\"><div class=\"row-container row-default sm-top-padding sm-bottom-padding\"><div class=\"wpb_column vc_column_container vc_col-sm-4\"><div class=\"vc_column-inner\"><div class=\"wpb_wrapper\">\n\t<div class=\"wpb_text_column wpb_content_element\" >\n\t\t<div class=\"wpb_wrapper\">\n\t\t\t<h3>NARMER ARCHITECTURE STUDIO<\/h3>\n<p><strong>Sz\u00e9khely:<\/strong> 1041 Budapest, Dessewffy u. 44.<br \/>\n<strong>Postac\u00edm:<\/strong> 1450 Budapest, Pf. 103.<\/p>\n<p><strong>Address: <\/strong>H-1093 Budapest, L\u00f3nyay utca 22. I\/3.<\/p>\n<p><strong>K\u00e9pviseletre jogosultak:<br \/>\n<\/strong>Vas\u00e1ros Zsolt DLA \u00fcgyvezet\u0151,<br \/>\nvezet\u0151 tervez\u0151 | \u00c91 01-1247<br \/>\nVas\u00e1ros \u00c1kos \u00fcgyvezet\u0151<\/p>\n<p><strong>Ad\u00f3sz\u00e1m:<\/strong> 20626510-2-41<br \/>\n<strong>EU ad\u00f3sz\u00e1m:<\/strong> HU20626510<br \/>\n<strong>C\u00e9gjegyz\u00e9k sz\u00e1m:<\/strong> 01-06-730728<br \/>\n<strong>Statisztikai sz\u00e1mjel:<\/strong> 20626510-7112-212-01<br \/>\n<strong>MKIK nyilv\u00e1ntart\u00e1si sz\u00e1m:<\/strong> BU20626510<br \/>\n<strong>MEK azonos\u00edt\u00f3 sz\u00e1m:<\/strong> C-1-2594<br \/>\n<strong>Kivitelez\u0151i nyilv\u00e1ntart\u00e1si sz\u00e1m:<\/strong> 11A38889<\/p>\n<p>A honlapon tal\u00e1lhat\u00f3 \u00edr\u00e1sokat, fot\u00f3kat a szerz\u0151i jog v\u00e9di. Minden felhaszn\u00e1l\u00e1si m\u00f3d csak a szerz\u0151 tudt\u00e1val \u00e9s enged\u00e9ly\u00e9vel t\u00f6rt\u00e9nhet.<\/p>\n<p>\u00a9 2018-2024 Narmer \u00c9p\u00edt\u00e9szeti St\u00fadi\u00f3<\/p>\n\n\t\t<\/div>\n\t<\/div>\n<\/div><\/div><\/div><div class=\"wpb_column vc_column_container vc_col-sm-8\"><div class=\"vc_column-inner\"><div class=\"wpb_wrapper\"><\/div><\/div><\/div><\/div><\/div>","protected":false},"excerpt":{"rendered":"NARMER \u00c9P\u00cdT\u00c9SZETI ST\u00daDI\u00d3 Bt. Sz\u00e9khely: 1041 Budapest, Dessewffy u. 44. Postac\u00edm: 1450 Budapest, Pf. 103. C\u00edm: 1093 Budapest, L\u00f3nyay utca 22. I\/3. K\u00e9pviseletre jogosultak: Vas\u00e1ros Zsolt DLA \u00fcgyvezet\u0151, vezet\u0151 tervez\u0151 | \u00c91 01-1247 Vas\u00e1ros \u00c1kos \u00fcgyvezet\u0151 Ad\u00f3sz\u00e1m: 20626510-2-41 EU ad\u00f3sz\u00e1m: HU20626510 C\u00e9gjegyz\u00e9k sz\u00e1m: 01-06-730728 Statisztikai sz\u00e1mjel: 20626510-7112-212-01 MKIK nyilv\u00e1ntart\u00e1si sz\u00e1m: BU20626510 MEK azonos\u00edt\u00f3 sz\u00e1m: C-1-2594...","protected":false},"author":1,"featured_media":0,"parent":0,"menu_order":0,"comment_status":"closed","ping_status":"closed","template":"","meta":{"footnotes":""},"class_list":["post-4179","page","type-page","status-publish","hentry"],"_links":{"self":[{"href":"https:\/\/narmer.hu\/en\/wp-json\/wp\/v2\/pages\/4179","targetHints":{"allow":["GET"]}}],"collection":[{"href":"https:\/\/narmer.hu\/en\/wp-json\/wp\/v2\/pages"}],"about":[{"href":"https:\/\/narmer.hu\/en\/wp-json\/wp\/v2\/types\/page"}],"author":[{"embeddable":true,"href":"https:\/\/narmer.hu\/en\/wp-json\/wp\/v2\/users\/1"}],"replies":[{"embeddable":true,"href":"https:\/\/narmer.hu\/en\/wp-json\/wp\/v2\/comments?post=4179"}],"version-history":[{"count":13,"href":"https:\/\/narmer.hu\/en\/wp-json\/wp\/v2\/pages\/4179\/revisions"}],"predecessor-version":[{"id":6086,"href":"https:\/\/narmer.hu\/en\/wp-json\/wp\/v2\/pages\/4179\/revisions\/6086"}],"wp:attachment":[{"href":"https:\/\/narmer.hu\/en\/wp-json\/wp\/v2\/media?parent=4179"}],"curies":[{"name":"wp","href":"https:\/\/api.w.org\/{rel}","templated":true}]}}