{"id":4186,"date":"2018-07-26T16:21:08","date_gmt":"2018-07-26T14:21:08","guid":{"rendered":"http:\/\/narmer.hu\/?page_id=4186"},"modified":"2024-02-15T22:31:40","modified_gmt":"2024-02-15T21:31:40","slug":"publishing-information","status":"publish","type":"page","link":"https:\/\/narmer.hu\/en\/publishing-information\/","title":{"rendered":"PUBLISHING INFORMATION"},"content":{"rendered":"<div class=\"vc_row wpb_row vc_row-fluid\"><div class=\"row-container row-default sm-top-padding sm-bottom-padding\"><div class=\"wpb_column vc_column_container vc_col-sm-4\"><div class=\"vc_column-inner\"><div class=\"wpb_wrapper\">\n\t<div class=\"wpb_text_column wpb_content_element\" >\n\t\t<div class=\"wpb_wrapper\">\n\t\t\t<h3>NARMER ARCHITECTURE STUDIO<\/h3>\n<p><strong>Registered address:<br \/>\n<\/strong>H-1041 Budapest, Dessewffy u. 44.<br \/>\n<strong>Postal address:<\/strong> H-1450 Budapest, Pf. 103.<\/p>\n<p><strong>Office: <\/strong>H-1093 Budapest, L\u00f3nyay utca 22. I\/3.<\/p>\n<p><strong>Authorized representatives:<br \/>\n<\/strong>Zsolt Vas\u00e1ros DLA executive manager,<br \/>\nlead designer | \u00c91 01-1247<br \/>\n\u00c1kos Vas\u00e1ros executive manager<\/p>\n<p><strong>Hungarian tax number:<\/strong> 20626510-2-41<br \/>\n<strong>EU tax number:<\/strong> HU20626510<br \/>\n<strong>Company registry number:<\/strong> 01-06-730728<br \/>\n<strong>Statistical code:<\/strong> 20626510-7112-212-01<br \/>\n<strong>MKIK registry number:<\/strong> BU20626510<br \/>\n<strong>MEK registry number:<\/strong> C-1-2594<br \/>\n<strong>Constructor registry number:<\/strong> 11A38889<\/p>\n<p><span id=\"result_box\" class=\"\" lang=\"en\"><span class=\"\">The writings and photos on this website are protected by copyright.<\/span> <span class=\"\">All uses can only be done with the author&#8217;s knowledge and permission.<\/span><\/span><\/p>\n<p>\u00a9 2018-2024 Narmer \u00c9p\u00edt\u00e9szeti St\u00fadi\u00f3<\/p>\n\n\t\t<\/div>\n\t<\/div>\n<\/div><\/div><\/div><div class=\"wpb_column vc_column_container vc_col-sm-8\"><div class=\"vc_column-inner\"><div class=\"wpb_wrapper\"><\/div><\/div><\/div><\/div><\/div>","protected":false},"excerpt":{"rendered":"NARMER \u00c9P\u00cdT\u00c9SZETI ST\u00daDI\u00d3 Bt. Registered address: H-1041 Budapest, Dessewffy u. 44. Postal address: H-1450 Budapest, Pf. 103. Office: H-1093 Budapest, L\u00f3nyay utca 22. I\/3. Authorized representatives: Zsolt Vas\u00e1ros DLA executive manager, lead designer | \u00c91 01-1247 \u00c1kos Vas\u00e1ros executive manager Hungarian tax number: 20626510-2-41 EU tax number: HU20626510 Company registry number: 01-06-730728 Statistical code: 20626510-7112-212-01...","protected":false},"author":1,"featured_media":0,"parent":0,"menu_order":0,"comment_status":"closed","ping_status":"closed","template":"","meta":{"footnotes":""},"class_list":["post-4186","page","type-page","status-publish","hentry"],"_links":{"self":[{"href":"https:\/\/narmer.hu\/en\/wp-json\/wp\/v2\/pages\/4186","targetHints":{"allow":["GET"]}}],"collection":[{"href":"https:\/\/narmer.hu\/en\/wp-json\/wp\/v2\/pages"}],"about":[{"href":"https:\/\/narmer.hu\/en\/wp-json\/wp\/v2\/types\/page"}],"author":[{"embeddable":true,"href":"https:\/\/narmer.hu\/en\/wp-json\/wp\/v2\/users\/1"}],"replies":[{"embeddable":true,"href":"https:\/\/narmer.hu\/en\/wp-json\/wp\/v2\/comments?post=4186"}],"version-history":[{"count":13,"href":"https:\/\/narmer.hu\/en\/wp-json\/wp\/v2\/pages\/4186\/revisions"}],"predecessor-version":[{"id":6087,"href":"https:\/\/narmer.hu\/en\/wp-json\/wp\/v2\/pages\/4186\/revisions\/6087"}],"wp:attachment":[{"href":"https:\/\/narmer.hu\/en\/wp-json\/wp\/v2\/media?parent=4186"}],"curies":[{"name":"wp","href":"https:\/\/api.w.org\/{rel}","templated":true}]}}